{"id":1500,"date":"2020-03-27T00:59:03","date_gmt":"2020-03-26T21:59:03","guid":{"rendered":"https:\/\/univap.com.tr\/ev-tipi-buharli-temizleyiciler\/"},"modified":"2020-11-21T18:13:18","modified_gmt":"2020-11-21T15:13:18","slug":"domestic-steam-cleaners","status":"publish","type":"page","link":"https:\/\/univap.com.tr\/en\/domestic-steam-cleaners\/","title":{"rendered":"Domestic Steam Cleaners"},"content":{"rendered":"<div class=\"fusion-fullwidth fullwidth-box fusion-builder-row-1 nonhundred-percent-fullwidth non-hundred-percent-height-scrolling\" style=\"--awb-border-radius-top-left:0px;--awb-border-radius-top-right:0px;--awb-border-radius-bottom-right:0px;--awb-border-radius-bottom-left:0px;--awb-flex-wrap:wrap;\" ><div class=\"fusion-builder-row fusion-row\"><div class=\"fusion-layout-column fusion_builder_column fusion-builder-column-0 fusion_builder_column_1_1 1_1 fusion-one-full fusion-column-first fusion-column-last\" style=\"--awb-bg-size:cover;\"><div class=\"fusion-column-wrapper fusion-column-has-shadow fusion-flex-column-wrapper-legacy\"><div class=\"fusion-title title fusion-title-1 fusion-sep-none fusion-title-center fusion-title-text fusion-title-size-two\" style=\"--awb-margin-top-small:0px;--awb-margin-right-small:0px;--awb-margin-bottom-small:20px;--awb-margin-left-small:0px;\"><h2 class=\"fusion-title-heading title-heading-center fusion-responsive-typography-calculated\" style=\"margin:0;--fontSize:46;line-height:1.25;\">DOMESTIC STEAM CLEANERS<\/h2><\/div><div class=\"fusion-text fusion-text-1\"><p><strong>Domestic steam cleaning machines<\/strong> are very effective and useful for cleaning carpets, walls, kitchens, bathrooms, toilets, wood and ceramic floors.<br \/>\nThey can destroy viruses and bacteria on the applied surfaces in a moment.<\/p>\n<p><strong>Ionized steam under high pressure<\/strong>; kill myths, germs and do not allow pests to live in homes and offices.<\/p>\n<\/div><div class=\"fusion-clearfix\"><\/div><\/div><\/div><div class=\"fusion-layout-column fusion_builder_column fusion-builder-column-1 fusion_builder_column_1_3 1_3 fusion-one-third fusion-column-first\" style=\"--awb-bg-size:cover;width:33.333333333333%;width:calc(33.333333333333% - ( ( 4% + 4% ) * 0.33333333333333 ) );margin-right: 4%;\"><div class=\"fusion-column-wrapper fusion-column-has-shadow fusion-flex-column-wrapper-legacy\"><div class=\"woocommerce \"><ul class=\"products clearfix products-1\">\n<li class=\"product type-product post-2552 status-publish first instock product_cat-domestic-steam-cleaner product_cat-our-products product_tag-steam-cleaner product_tag-steam-cleaning-machine has-post-thumbnail shipping-taxable product-type-simple product-grid-view\">\n\t<div class=\"fusion-product-wrapper\">\n<a href=\"https:\/\/univap.com.tr\/en\/urun\/unitekno-2200-steam-cleaner\/\" class=\"product-images\" aria-label=\"Unitekno 22002200 Series5 Bar 2200 W \">\n\n<div class=\"featured-image crossfade-images\">\n\t<img decoding=\"async\" width=\"500\" height=\"437\" src=\"https:\/\/univap.com.tr\/wp-content\/uploads\/2020\/11\/unitekno-2200-sol-gorunum-500x437.jpg\" class=\"hover-image lazyload\" alt=\"Unitekno 2200 Steam Cleaner Left View\" srcset=\"data:image\/svg+xml,%3Csvg%20xmlns%3D%27http%3A%2F%2Fwww.w3.org%2F2000%2Fsvg%27%20width%3D%271052%27%20height%3D%27920%27%20viewBox%3D%270%200%201052%20920%27%3E%3Crect%20width%3D%271052%27%20height%3D%27920%27%20fill-opacity%3D%220%22%2F%3E%3C%2Fsvg%3E\" data-orig-src=\"https:\/\/univap.com.tr\/wp-content\/uploads\/2020\/11\/unitekno-2200-sol-gorunum-500x437.jpg\" data-srcset=\"https:\/\/univap.com.tr\/wp-content\/uploads\/2020\/11\/unitekno-2200-sol-gorunum-200x175.jpg 200w, https:\/\/univap.com.tr\/wp-content\/uploads\/2020\/11\/unitekno-2200-sol-gorunum-400x350.jpg 400w, https:\/\/univap.com.tr\/wp-content\/uploads\/2020\/11\/unitekno-2200-sol-gorunum-500x437.jpg 500w, https:\/\/univap.com.tr\/wp-content\/uploads\/2020\/11\/unitekno-2200-sol-gorunum-600x525.jpg 600w, https:\/\/univap.com.tr\/wp-content\/uploads\/2020\/11\/unitekno-2200-sol-gorunum-700x612.jpg 700w, https:\/\/univap.com.tr\/wp-content\/uploads\/2020\/11\/unitekno-2200-sol-gorunum-768x672.jpg 768w, https:\/\/univap.com.tr\/wp-content\/uploads\/2020\/11\/unitekno-2200-sol-gorunum-800x700.jpg 800w, https:\/\/univap.com.tr\/wp-content\/uploads\/2020\/11\/unitekno-2200-sol-gorunum.jpg 1052w\" data-sizes=\"auto\" data-orig- title=\"\">\t<img decoding=\"async\" width=\"500\" height=\"437\" src=\"https:\/\/univap.com.tr\/wp-content\/uploads\/2020\/11\/unitekno-2200-on-gorunum-500x437.jpg\" class=\"attachment-woocommerce_thumbnail size-woocommerce_thumbnail lazyload wp-post-image\" alt=\"Unitekno 2200 Steam Cleaner Front View\" srcset=\"data:image\/svg+xml,%3Csvg%20xmlns%3D%27http%3A%2F%2Fwww.w3.org%2F2000%2Fsvg%27%20width%3D%271052%27%20height%3D%27920%27%20viewBox%3D%270%200%201052%20920%27%3E%3Crect%20width%3D%271052%27%20height%3D%27920%27%20fill-opacity%3D%220%22%2F%3E%3C%2Fsvg%3E\" data-orig-src=\"https:\/\/univap.com.tr\/wp-content\/uploads\/2020\/11\/unitekno-2200-on-gorunum-500x437.jpg\" data-srcset=\"https:\/\/univap.com.tr\/wp-content\/uploads\/2020\/11\/unitekno-2200-on-gorunum-200x175.jpg 200w, https:\/\/univap.com.tr\/wp-content\/uploads\/2020\/11\/unitekno-2200-on-gorunum-400x350.jpg 400w, https:\/\/univap.com.tr\/wp-content\/uploads\/2020\/11\/unitekno-2200-on-gorunum-500x437.jpg 500w, https:\/\/univap.com.tr\/wp-content\/uploads\/2020\/11\/unitekno-2200-on-gorunum-600x525.jpg 600w, https:\/\/univap.com.tr\/wp-content\/uploads\/2020\/11\/unitekno-2200-on-gorunum-700x612.jpg 700w, https:\/\/univap.com.tr\/wp-content\/uploads\/2020\/11\/unitekno-2200-on-gorunum-768x672.jpg 768w, https:\/\/univap.com.tr\/wp-content\/uploads\/2020\/11\/unitekno-2200-on-gorunum-800x700.jpg 800w, https:\/\/univap.com.tr\/wp-content\/uploads\/2020\/11\/unitekno-2200-on-gorunum.jpg 1052w\" data-sizes=\"auto\" title=\"\" data-orig->\n\t\t\t\t\t\t<div class=\"cart-loading\"><i class=\"awb-icon-spinner\" aria-hidden=\"true\"><\/i><\/div>\n\t\t\t<\/div>\n<\/a>\n<div class=\"fusion-product-content\">\n\t<div class=\"product-details\">\n\t\t<div class=\"product-details-container\">\n<h3 class=\"product-title\">\n\t<a href=\"https:\/\/univap.com.tr\/en\/urun\/unitekno-2200-steam-cleaner\/\">\n\t\tUnitekno 2200<br><p style=\"font-size: 0.8em;line-height: 0.9em; \">2200 Series<\/p><p style=\"font-size: 0.8em;line-height: 0.9em; \">5 Bar 2200 W <\/p>\t<\/a>\n<\/h3>\n<div class=\"fusion-price-rating\">\n\n\t\t<\/div>\n\t<\/div>\n<\/div>\n\n\n\t<div class=\"product-buttons\">\n\t\t<div class=\"fusion-content-sep sep-single sep-solid\"><\/div>\n\t\t<div class=\"product-buttons-container clearfix\">\n\n<a href=\"https:\/\/univap.com.tr\/en\/urun\/unitekno-2200-steam-cleaner\/\" class=\"show_details_button\" style=\"float:none;max-width:none;text-align:center;\">\n\tDetails<\/a>\n\n\n\t<\/div>\n\t<\/div>\n\n\t<\/div> <\/div>\n<\/li>\n<\/ul>\n<\/div><div class=\"fusion-clearfix\"><\/div><\/div><\/div><div class=\"fusion-layout-column fusion_builder_column fusion-builder-column-2 fusion_builder_column_1_3 1_3 fusion-one-third\" style=\"--awb-bg-size:cover;width:33.333333333333%;width:calc(33.333333333333% - ( ( 4% + 4% ) * 0.33333333333333 ) );margin-right: 4%;\"><div class=\"fusion-column-wrapper fusion-column-has-shadow fusion-flex-column-wrapper-legacy\"><div class=\"woocommerce \"><ul class=\"products clearfix products-1\">\n<li class=\"product type-product post-2554 status-publish first instock product_cat-domestic-steam-cleaner product_cat-our-products product_tag-steam-cleaner product_tag-steam-cleaning-machine has-post-thumbnail shipping-taxable product-type-simple product-grid-view\">\n\t<div class=\"fusion-product-wrapper\">\n<a href=\"https:\/\/univap.com.tr\/en\/urun\/unitekno-2200-automatico-steam-cleaner\/\" class=\"product-images\" aria-label=\"Unitekno 2200 Automatico2200 Series6,5 Bar 2200 W \">\n\n<div class=\"featured-image crossfade-images\">\n\t<img decoding=\"async\" width=\"500\" height=\"437\" src=\"https:\/\/univap.com.tr\/wp-content\/uploads\/2020\/11\/kirmizi-automatico-2200-on-gorunum-500x437.jpg\" class=\"hover-image lazyload\" alt=\"Red Unitekno 2200 Automatico Front View\" srcset=\"data:image\/svg+xml,%3Csvg%20xmlns%3D%27http%3A%2F%2Fwww.w3.org%2F2000%2Fsvg%27%20width%3D%271052%27%20height%3D%27920%27%20viewBox%3D%270%200%201052%20920%27%3E%3Crect%20width%3D%271052%27%20height%3D%27920%27%20fill-opacity%3D%220%22%2F%3E%3C%2Fsvg%3E\" data-orig-src=\"https:\/\/univap.com.tr\/wp-content\/uploads\/2020\/11\/kirmizi-automatico-2200-on-gorunum-500x437.jpg\" data-srcset=\"https:\/\/univap.com.tr\/wp-content\/uploads\/2020\/11\/kirmizi-automatico-2200-on-gorunum-200x175.jpg 200w, https:\/\/univap.com.tr\/wp-content\/uploads\/2020\/11\/kirmizi-automatico-2200-on-gorunum-400x350.jpg 400w, https:\/\/univap.com.tr\/wp-content\/uploads\/2020\/11\/kirmizi-automatico-2200-on-gorunum-500x437.jpg 500w, https:\/\/univap.com.tr\/wp-content\/uploads\/2020\/11\/kirmizi-automatico-2200-on-gorunum-600x525.jpg 600w, https:\/\/univap.com.tr\/wp-content\/uploads\/2020\/11\/kirmizi-automatico-2200-on-gorunum-700x612.jpg 700w, https:\/\/univap.com.tr\/wp-content\/uploads\/2020\/11\/kirmizi-automatico-2200-on-gorunum-768x672.jpg 768w, https:\/\/univap.com.tr\/wp-content\/uploads\/2020\/11\/kirmizi-automatico-2200-on-gorunum-800x700.jpg 800w, https:\/\/univap.com.tr\/wp-content\/uploads\/2020\/11\/kirmizi-automatico-2200-on-gorunum.jpg 1052w\" data-sizes=\"auto\" data-orig- title=\"\">\t<img decoding=\"async\" width=\"500\" height=\"437\" src=\"https:\/\/univap.com.tr\/wp-content\/uploads\/2020\/11\/mavi-automatico-2200-on-gorunum-500x437.jpg\" class=\"attachment-woocommerce_thumbnail size-woocommerce_thumbnail lazyload wp-post-image\" alt=\"Unitekno 2200 Automatico Front View\" srcset=\"data:image\/svg+xml,%3Csvg%20xmlns%3D%27http%3A%2F%2Fwww.w3.org%2F2000%2Fsvg%27%20width%3D%271052%27%20height%3D%27920%27%20viewBox%3D%270%200%201052%20920%27%3E%3Crect%20width%3D%271052%27%20height%3D%27920%27%20fill-opacity%3D%220%22%2F%3E%3C%2Fsvg%3E\" data-orig-src=\"https:\/\/univap.com.tr\/wp-content\/uploads\/2020\/11\/mavi-automatico-2200-on-gorunum-500x437.jpg\" data-srcset=\"https:\/\/univap.com.tr\/wp-content\/uploads\/2020\/11\/mavi-automatico-2200-on-gorunum-200x175.jpg 200w, https:\/\/univap.com.tr\/wp-content\/uploads\/2020\/11\/mavi-automatico-2200-on-gorunum-400x350.jpg 400w, https:\/\/univap.com.tr\/wp-content\/uploads\/2020\/11\/mavi-automatico-2200-on-gorunum-500x437.jpg 500w, https:\/\/univap.com.tr\/wp-content\/uploads\/2020\/11\/mavi-automatico-2200-on-gorunum-600x525.jpg 600w, https:\/\/univap.com.tr\/wp-content\/uploads\/2020\/11\/mavi-automatico-2200-on-gorunum-700x612.jpg 700w, https:\/\/univap.com.tr\/wp-content\/uploads\/2020\/11\/mavi-automatico-2200-on-gorunum-768x672.jpg 768w, https:\/\/univap.com.tr\/wp-content\/uploads\/2020\/11\/mavi-automatico-2200-on-gorunum-800x700.jpg 800w, https:\/\/univap.com.tr\/wp-content\/uploads\/2020\/11\/mavi-automatico-2200-on-gorunum.jpg 1052w\" data-sizes=\"auto\" title=\"\" data-orig->\n\t\t\t\t\t\t<div class=\"cart-loading\"><i class=\"awb-icon-spinner\" aria-hidden=\"true\"><\/i><\/div>\n\t\t\t<\/div>\n<\/a>\n<div class=\"fusion-product-content\">\n\t<div class=\"product-details\">\n\t\t<div class=\"product-details-container\">\n<h3 class=\"product-title\">\n\t<a href=\"https:\/\/univap.com.tr\/en\/urun\/unitekno-2200-automatico-steam-cleaner\/\">\n\t\tUnitekno 2200 Automatico<br><p style=\"font-size: 0.8em;line-height: 0.9em; \">2200 Series<\/p><p style=\"font-size: 0.8em;line-height: 0.9em; \">6,5 Bar 2200 W <\/p>\t<\/a>\n<\/h3>\n<div class=\"fusion-price-rating\">\n\n\t\t<\/div>\n\t<\/div>\n<\/div>\n\n\n\t<div class=\"product-buttons\">\n\t\t<div class=\"fusion-content-sep sep-single sep-solid\"><\/div>\n\t\t<div class=\"product-buttons-container clearfix\">\n\n<a href=\"https:\/\/univap.com.tr\/en\/urun\/unitekno-2200-automatico-steam-cleaner\/\" class=\"show_details_button\" style=\"float:none;max-width:none;text-align:center;\">\n\tDetails<\/a>\n\n\n\t<\/div>\n\t<\/div>\n\n\t<\/div> <\/div>\n<\/li>\n<\/ul>\n<\/div><div class=\"fusion-clearfix\"><\/div><\/div><\/div><div class=\"fusion-layout-column fusion_builder_column fusion-builder-column-3 fusion_builder_column_1_3 1_3 fusion-one-third fusion-column-last\" style=\"--awb-bg-size:cover;width:33.333333333333%;width:calc(33.333333333333% - ( ( 4% + 4% ) * 0.33333333333333 ) );\"><div class=\"fusion-column-wrapper fusion-column-has-shadow fusion-flex-column-wrapper-legacy\"><div class=\"woocommerce \"><ul class=\"products clearfix products-1\">\n<li class=\"product type-product post-1542 status-publish first instock product_cat-domestic-steam-cleaner product_cat-our-products product_tag-steam-cleaner product_tag-steam-cleaning-machine has-post-thumbnail shipping-taxable product-type-simple product-grid-view\">\n\t<div class=\"fusion-product-wrapper\">\n<a href=\"https:\/\/univap.com.tr\/en\/urun\/unitekno-digital-2600\/\" class=\"product-images\" aria-label=\"Unitekno Digital 2600Diamond Series9 Bar 2600 W\">\n\n<div class=\"featured-image crossfade-images\">\n\t<img decoding=\"async\" width=\"500\" height=\"437\" src=\"https:\/\/univap.com.tr\/wp-content\/uploads\/2020\/03\/mavi-unitekno-diamond-buharli-temizlik-makinesi-on-gorunum--500x437.jpg\" class=\"hover-image lazyload\" alt=\"Mavi Unitekno Diamond Buharl\u0131 Temizlik Makinesi \u00f6n G\u00f6r\u00fcn\u00fcm\" srcset=\"data:image\/svg+xml,%3Csvg%20xmlns%3D%27http%3A%2F%2Fwww.w3.org%2F2000%2Fsvg%27%20width%3D%271052%27%20height%3D%27920%27%20viewBox%3D%270%200%201052%20920%27%3E%3Crect%20width%3D%271052%27%20height%3D%27920%27%20fill-opacity%3D%220%22%2F%3E%3C%2Fsvg%3E\" data-orig-src=\"https:\/\/univap.com.tr\/wp-content\/uploads\/2020\/03\/mavi-unitekno-diamond-buharli-temizlik-makinesi-on-gorunum--500x437.jpg\" data-srcset=\"https:\/\/univap.com.tr\/wp-content\/uploads\/2020\/03\/mavi-unitekno-diamond-buharli-temizlik-makinesi-on-gorunum--200x175.jpg 200w, https:\/\/univap.com.tr\/wp-content\/uploads\/2020\/03\/mavi-unitekno-diamond-buharli-temizlik-makinesi-on-gorunum--400x350.jpg 400w, https:\/\/univap.com.tr\/wp-content\/uploads\/2020\/03\/mavi-unitekno-diamond-buharli-temizlik-makinesi-on-gorunum--500x437.jpg 500w, https:\/\/univap.com.tr\/wp-content\/uploads\/2020\/03\/mavi-unitekno-diamond-buharli-temizlik-makinesi-on-gorunum--600x525.jpg 600w, https:\/\/univap.com.tr\/wp-content\/uploads\/2020\/03\/mavi-unitekno-diamond-buharli-temizlik-makinesi-on-gorunum--700x612.jpg 700w, https:\/\/univap.com.tr\/wp-content\/uploads\/2020\/03\/mavi-unitekno-diamond-buharli-temizlik-makinesi-on-gorunum--768x672.jpg 768w, https:\/\/univap.com.tr\/wp-content\/uploads\/2020\/03\/mavi-unitekno-diamond-buharli-temizlik-makinesi-on-gorunum--800x700.jpg 800w, https:\/\/univap.com.tr\/wp-content\/uploads\/2020\/03\/mavi-unitekno-diamond-buharli-temizlik-makinesi-on-gorunum-.jpg 1052w\" data-sizes=\"auto\" data-orig- title=\"\">\t<img decoding=\"async\" width=\"500\" height=\"437\" src=\"https:\/\/univap.com.tr\/wp-content\/uploads\/2020\/03\/yesil-unitekno-diamond-buharli-temizlik-makinesi-on-gorunum--500x437.jpg\" class=\"attachment-woocommerce_thumbnail size-woocommerce_thumbnail lazyload wp-post-image\" alt=\"Ye\u015fil Unitekno Diamond Buharl\u0131 Temizlik Makinesi \u00d6n G\u00f6r\u00fcn\u00fcm\" srcset=\"data:image\/svg+xml,%3Csvg%20xmlns%3D%27http%3A%2F%2Fwww.w3.org%2F2000%2Fsvg%27%20width%3D%271052%27%20height%3D%27920%27%20viewBox%3D%270%200%201052%20920%27%3E%3Crect%20width%3D%271052%27%20height%3D%27920%27%20fill-opacity%3D%220%22%2F%3E%3C%2Fsvg%3E\" data-orig-src=\"https:\/\/univap.com.tr\/wp-content\/uploads\/2020\/03\/yesil-unitekno-diamond-buharli-temizlik-makinesi-on-gorunum--500x437.jpg\" data-srcset=\"https:\/\/univap.com.tr\/wp-content\/uploads\/2020\/03\/yesil-unitekno-diamond-buharli-temizlik-makinesi-on-gorunum--200x175.jpg 200w, https:\/\/univap.com.tr\/wp-content\/uploads\/2020\/03\/yesil-unitekno-diamond-buharli-temizlik-makinesi-on-gorunum--400x350.jpg 400w, https:\/\/univap.com.tr\/wp-content\/uploads\/2020\/03\/yesil-unitekno-diamond-buharli-temizlik-makinesi-on-gorunum--500x437.jpg 500w, https:\/\/univap.com.tr\/wp-content\/uploads\/2020\/03\/yesil-unitekno-diamond-buharli-temizlik-makinesi-on-gorunum--600x525.jpg 600w, https:\/\/univap.com.tr\/wp-content\/uploads\/2020\/03\/yesil-unitekno-diamond-buharli-temizlik-makinesi-on-gorunum--700x612.jpg 700w, https:\/\/univap.com.tr\/wp-content\/uploads\/2020\/03\/yesil-unitekno-diamond-buharli-temizlik-makinesi-on-gorunum--768x672.jpg 768w, https:\/\/univap.com.tr\/wp-content\/uploads\/2020\/03\/yesil-unitekno-diamond-buharli-temizlik-makinesi-on-gorunum--800x700.jpg 800w, https:\/\/univap.com.tr\/wp-content\/uploads\/2020\/03\/yesil-unitekno-diamond-buharli-temizlik-makinesi-on-gorunum-.jpg 1052w\" data-sizes=\"auto\" title=\"\" data-orig->\n\t\t\t\t\t\t<div class=\"cart-loading\"><i class=\"awb-icon-spinner\" aria-hidden=\"true\"><\/i><\/div>\n\t\t\t<\/div>\n<\/a>\n<div class=\"fusion-product-content\">\n\t<div class=\"product-details\">\n\t\t<div class=\"product-details-container\">\n<h3 class=\"product-title\">\n\t<a href=\"https:\/\/univap.com.tr\/en\/urun\/unitekno-digital-2600\/\">\n\t\tUnitekno Digital 2600<br><p style=\"font-size: 0.8em;line-height: 0.9em; \">Diamond Series<\/p><p style=\"font-size: 0.8em;line-height: 0.9em; \">9 Bar 2600 W<\/p>\t<\/a>\n<\/h3>\n<div class=\"fusion-price-rating\">\n\n\t\t<\/div>\n\t<\/div>\n<\/div>\n\n\n\t<div class=\"product-buttons\">\n\t\t<div class=\"fusion-content-sep sep-single sep-solid\"><\/div>\n\t\t<div class=\"product-buttons-container clearfix\">\n\n<a href=\"https:\/\/univap.com.tr\/en\/urun\/unitekno-digital-2600\/\" class=\"show_details_button\" style=\"float:none;max-width:none;text-align:center;\">\n\tDetails<\/a>\n\n\n\t<\/div>\n\t<\/div>\n\n\t<\/div> <\/div>\n<\/li>\n<\/ul>\n<\/div><div class=\"fusion-clearfix\"><\/div><\/div><\/div><div class=\"fusion-layout-column fusion_builder_column fusion-builder-column-4 fusion_builder_column_1_3 1_3 fusion-one-third fusion-column-first\" style=\"--awb-bg-size:cover;width:33.333333333333%;width:calc(33.333333333333% - ( ( 4% ) * 0.33333333333333 ) );margin-right: 4%;\"><div class=\"fusion-column-wrapper fusion-column-has-shadow fusion-flex-column-wrapper-legacy\"><div class=\"woocommerce \"><ul class=\"products clearfix products-1\">\n<li class=\"product type-product post-1495 status-publish first instock product_cat-domestic-steam-cleaner product_cat-our-products product_tag-steam-cleaner product_tag-steam-cleaning-machine has-post-thumbnail shipping-taxable product-type-simple product-grid-view\">\n\t<div class=\"fusion-product-wrapper\">\n<a href=\"https:\/\/univap.com.tr\/en\/urun\/unitekno-pro-3200\/\" class=\"product-images\" aria-label=\"Unitekno Pro 3200Plutonio Series10 Bar 3200 W \">\n\n<div class=\"featured-image crossfade-images\">\n\t<img decoding=\"async\" width=\"500\" height=\"437\" src=\"https:\/\/univap.com.tr\/wp-content\/uploads\/2020\/03\/unitekno-plutonio-buharli-temizlik-makinesi-sol-gorunum1-500x437.jpg\" class=\"hover-image lazyload\" alt=\"Unitekno Plutonio Buharl\u0131 Temizlik Makinesi Sol G\u00f6r\u00fcn\u00fcm\" srcset=\"data:image\/svg+xml,%3Csvg%20xmlns%3D%27http%3A%2F%2Fwww.w3.org%2F2000%2Fsvg%27%20width%3D%271052%27%20height%3D%27920%27%20viewBox%3D%270%200%201052%20920%27%3E%3Crect%20width%3D%271052%27%20height%3D%27920%27%20fill-opacity%3D%220%22%2F%3E%3C%2Fsvg%3E\" data-orig-src=\"https:\/\/univap.com.tr\/wp-content\/uploads\/2020\/03\/unitekno-plutonio-buharli-temizlik-makinesi-sol-gorunum1-500x437.jpg\" data-srcset=\"https:\/\/univap.com.tr\/wp-content\/uploads\/2020\/03\/unitekno-plutonio-buharli-temizlik-makinesi-sol-gorunum1-200x175.jpg 200w, https:\/\/univap.com.tr\/wp-content\/uploads\/2020\/03\/unitekno-plutonio-buharli-temizlik-makinesi-sol-gorunum1-400x350.jpg 400w, https:\/\/univap.com.tr\/wp-content\/uploads\/2020\/03\/unitekno-plutonio-buharli-temizlik-makinesi-sol-gorunum1-500x437.jpg 500w, https:\/\/univap.com.tr\/wp-content\/uploads\/2020\/03\/unitekno-plutonio-buharli-temizlik-makinesi-sol-gorunum1-600x525.jpg 600w, https:\/\/univap.com.tr\/wp-content\/uploads\/2020\/03\/unitekno-plutonio-buharli-temizlik-makinesi-sol-gorunum1-700x612.jpg 700w, https:\/\/univap.com.tr\/wp-content\/uploads\/2020\/03\/unitekno-plutonio-buharli-temizlik-makinesi-sol-gorunum1-768x672.jpg 768w, https:\/\/univap.com.tr\/wp-content\/uploads\/2020\/03\/unitekno-plutonio-buharli-temizlik-makinesi-sol-gorunum1-800x700.jpg 800w, https:\/\/univap.com.tr\/wp-content\/uploads\/2020\/03\/unitekno-plutonio-buharli-temizlik-makinesi-sol-gorunum1.jpg 1052w\" data-sizes=\"auto\" data-orig- title=\"\">\t<img decoding=\"async\" width=\"500\" height=\"437\" src=\"https:\/\/univap.com.tr\/wp-content\/uploads\/2020\/03\/unitekno-plutonio-buharli-temizlik-makinesi-on-gorunum1-500x437.jpg\" class=\"attachment-woocommerce_thumbnail size-woocommerce_thumbnail lazyload wp-post-image\" alt=\"Unitekno Plutonio Buharl\u0131 Temizlik Makinesi \u00d6n G\u00f6r\u00fcn\u00fcm\" srcset=\"data:image\/svg+xml,%3Csvg%20xmlns%3D%27http%3A%2F%2Fwww.w3.org%2F2000%2Fsvg%27%20width%3D%271052%27%20height%3D%27920%27%20viewBox%3D%270%200%201052%20920%27%3E%3Crect%20width%3D%271052%27%20height%3D%27920%27%20fill-opacity%3D%220%22%2F%3E%3C%2Fsvg%3E\" data-orig-src=\"https:\/\/univap.com.tr\/wp-content\/uploads\/2020\/03\/unitekno-plutonio-buharli-temizlik-makinesi-on-gorunum1-500x437.jpg\" data-srcset=\"https:\/\/univap.com.tr\/wp-content\/uploads\/2020\/03\/unitekno-plutonio-buharli-temizlik-makinesi-on-gorunum1-200x175.jpg 200w, https:\/\/univap.com.tr\/wp-content\/uploads\/2020\/03\/unitekno-plutonio-buharli-temizlik-makinesi-on-gorunum1-400x350.jpg 400w, https:\/\/univap.com.tr\/wp-content\/uploads\/2020\/03\/unitekno-plutonio-buharli-temizlik-makinesi-on-gorunum1-500x437.jpg 500w, https:\/\/univap.com.tr\/wp-content\/uploads\/2020\/03\/unitekno-plutonio-buharli-temizlik-makinesi-on-gorunum1-600x525.jpg 600w, https:\/\/univap.com.tr\/wp-content\/uploads\/2020\/03\/unitekno-plutonio-buharli-temizlik-makinesi-on-gorunum1-700x612.jpg 700w, https:\/\/univap.com.tr\/wp-content\/uploads\/2020\/03\/unitekno-plutonio-buharli-temizlik-makinesi-on-gorunum1-768x672.jpg 768w, https:\/\/univap.com.tr\/wp-content\/uploads\/2020\/03\/unitekno-plutonio-buharli-temizlik-makinesi-on-gorunum1-800x700.jpg 800w, https:\/\/univap.com.tr\/wp-content\/uploads\/2020\/03\/unitekno-plutonio-buharli-temizlik-makinesi-on-gorunum1.jpg 1052w\" data-sizes=\"auto\" title=\"\" data-orig->\n\t\t\t\t\t\t<div class=\"cart-loading\"><i class=\"awb-icon-spinner\" aria-hidden=\"true\"><\/i><\/div>\n\t\t\t<\/div>\n<\/a>\n<div class=\"fusion-product-content\">\n\t<div class=\"product-details\">\n\t\t<div class=\"product-details-container\">\n<h3 class=\"product-title\">\n\t<a href=\"https:\/\/univap.com.tr\/en\/urun\/unitekno-pro-3200\/\">\n\t\tUnitekno Pro 3200<br><p style=\"font-size: 0.8em;line-height: 0.9em; \">Plutonio Series<\/p><p style=\"font-size: 0.8em;line-height: 0.9em; \">10 Bar 3200 W <\/p>\t<\/a>\n<\/h3>\n<div class=\"fusion-price-rating\">\n\n\t\t<\/div>\n\t<\/div>\n<\/div>\n\n\n\t<div class=\"product-buttons\">\n\t\t<div class=\"fusion-content-sep sep-single sep-solid\"><\/div>\n\t\t<div class=\"product-buttons-container clearfix\">\n\n<a href=\"https:\/\/univap.com.tr\/en\/urun\/unitekno-pro-3200\/\" class=\"show_details_button\" style=\"float:none;max-width:none;text-align:center;\">\n\tDetails<\/a>\n\n\n\t<\/div>\n\t<\/div>\n\n\t<\/div> <\/div>\n<\/li>\n<\/ul>\n<\/div><div class=\"fusion-clearfix\"><\/div><\/div><\/div><\/div><\/div>\n","protected":false},"excerpt":{"rendered":"","protected":false},"author":1,"featured_media":0,"parent":0,"menu_order":0,"comment_status":"closed","ping_status":"closed","template":"","meta":{"footnotes":""},"class_list":["post-1500","page","type-page","status-publish","hentry"],"_links":{"self":[{"href":"https:\/\/univap.com.tr\/en\/wp-json\/wp\/v2\/pages\/1500","targetHints":{"allow":["GET"]}}],"collection":[{"href":"https:\/\/univap.com.tr\/en\/wp-json\/wp\/v2\/pages"}],"about":[{"href":"https:\/\/univap.com.tr\/en\/wp-json\/wp\/v2\/types\/page"}],"author":[{"embeddable":true,"href":"https:\/\/univap.com.tr\/en\/wp-json\/wp\/v2\/users\/1"}],"replies":[{"embeddable":true,"href":"https:\/\/univap.com.tr\/en\/wp-json\/wp\/v2\/comments?post=1500"}],"version-history":[{"count":0,"href":"https:\/\/univap.com.tr\/en\/wp-json\/wp\/v2\/pages\/1500\/revisions"}],"wp:attachment":[{"href":"https:\/\/univap.com.tr\/en\/wp-json\/wp\/v2\/media?parent=1500"}],"curies":[{"name":"wp","href":"https:\/\/api.w.org\/{rel}","templated":true}]}}