{"id":2494,"date":"2020-11-21T15:11:33","date_gmt":"2020-11-21T12:11:33","guid":{"rendered":"https:\/\/univap.com.tr\/?post_type=product&#038;p=2494"},"modified":"2025-06-11T15:27:20","modified_gmt":"2025-06-11T12:27:20","slug":"unitekno-2200-buharli-temizlik-makinesi","status":"publish","type":"product","link":"https:\/\/univap.com.tr\/ru\/urun\/unitekno-2200-buharli-temizlik-makinesi\/","title":{"rendered":"Unitekno 2200<br><p style=\"font-size: 0.8em;line-height: 0.9em; \">2200 Serisi<\/p><p style=\"font-size: 0.8em;line-height: 0.9em; \">5 Bar 2200 W <\/p>"},"content":{"rendered":"<div class=\"fusion-fullwidth fullwidth-box fusion-builder-row-1 fusion-flex-container nonhundred-percent-fullwidth non-hundred-percent-height-scrolling\" style=\"--awb-border-radius-top-left:0px;--awb-border-radius-top-right:0px;--awb-border-radius-bottom-right:0px;--awb-border-radius-bottom-left:0px;--awb-flex-wrap:wrap;\" ><div class=\"fusion-builder-row fusion-row fusion-flex-align-items-flex-start fusion-flex-content-wrap\" style=\"max-width:1206.4px;margin-left: calc(-4% \/ 2 );margin-right: calc(-4% \/ 2 );\"><div class=\"fusion-layout-column fusion_builder_column fusion-builder-column-0 fusion_builder_column_1_1 1_1 fusion-flex-column\" style=\"--awb-bg-size:cover;--awb-width-large:100%;--awb-margin-top-large:0px;--awb-spacing-right-large:1.92%;--awb-margin-bottom-large:0px;--awb-spacing-left-large:1.92%;--awb-width-medium:100%;--awb-spacing-right-medium:1.92%;--awb-spacing-left-medium:1.92%;--awb-width-small:100%;--awb-spacing-right-small:1.92%;--awb-spacing-left-small:1.92%;\"><div class=\"fusion-column-wrapper fusion-flex-justify-content-flex-start fusion-content-layout-column\"><div class=\"fusion-text fusion-text-1\"><h2>Unitekno 2200 Buharl\u0131 Temizlik Makinesi Teknik \u00d6zellikler<\/h2>\n<div class=\"table-2\">\n<\/div>\n<div class=\"table-1\">\n<table width=\"100%\">\n<thead>\n<tr>\n<th align=\"left\"><span style=\"color: #000000;\"><strong>TEKN\u0130K \u00d6ZELL\u0130KLER<\/strong><\/span><\/th>\n<th align=\"left\"><span style=\"color: #000000;\"><strong>UN\u0130TEKNO 2200<\/strong><\/span><\/th>\n<\/tr>\n<\/thead>\n<tbody>\n<tr>\n<td align=\"left\">Renk<\/td>\n<td align=\"left\">K\u0131rm\u0131z\u0131<\/td>\n<\/tr>\n<tr>\n<td align=\"left\">Buhar \u00dcretim<\/td>\n<td align=\"left\">Tek Kazan<\/td>\n<\/tr>\n<tr>\n<td align=\"left\">Otomatik Su Besleme<\/td>\n<td align=\"left\">&#8212;<\/td>\n<\/tr>\n<tr>\n<td align=\"left\">Boyler S\u0131cakl\u0131\u011f\u0131<\/td>\n<td align=\"left\">152 C\u00b0<\/td>\n<\/tr>\n<tr>\n<td align=\"left\">Is\u0131nma S\u00fcresi<\/td>\n<td align=\"left\">5 dk.<\/td>\n<\/tr>\n<tr>\n<td align=\"left\">Boyler Bas\u0131nc\u0131<\/td>\n<td align=\"left\">5 Bar<\/td>\n<\/tr>\n<tr>\n<td align=\"left\">Boyler G\u00fcc\u00fc<\/td>\n<td align=\"left\">2200 W<\/td>\n<\/tr>\n<tr>\n<td align=\"left\">Boyler Hacmi<\/td>\n<td align=\"left\">1,6 L<\/td>\n<\/tr>\n<\/tbody>\n<\/table>\n<div class=\"fusion-text fusion-text-2\"><\/div>\n<\/div>\n<div class=\"table-1\">\n<table width=\"100%\">\n<thead>\n<tr>\n<th align=\"left\"><strong>BUHAR KADEMELER\u0130 (MAX)<\/strong><\/th>\n<th align=\"left\"><span style=\"color: #000000;\"><strong>UN\u0130TEKNO 2200<\/strong><\/span><\/th>\n<\/tr>\n<\/thead>\n<tbody>\n<tr>\n<td align=\"left\">Buhar Kademesi &#8212; 1<\/td>\n<td align=\"left\">50 gr\/dk<\/td>\n<\/tr>\n<tr>\n<td align=\"left\">Buhar Kademesi &#8212; 2<\/td>\n<td align=\"left\">57 gr\/dk<\/td>\n<\/tr>\n<tr>\n<td align=\"left\">Buhar Kademesi 1 + 2<\/td>\n<td align=\"left\">66 gr\/dk<\/td>\n<\/tr>\n<\/tbody>\n<\/table>\n<\/div>\n\n<div class=\"table-1\">\n<table width=\"100%\">\n<thead>\n<tr>\n<th align=\"left\"><strong>D\u0130\u011eER \u00d6ZELL\u0130KLER<\/strong><\/th>\n<th align=\"left\"><span style=\"color: #000000;\"><strong>UN\u0130TEKNO 2200<\/strong><\/span><\/th>\n<\/tr>\n<\/thead>\n<tbody>\n<tr>\n<td align=\"left\">Boyler Materyali<\/td>\n<td align=\"left\">Paslanmaz \u00c7elik AISI 304<\/td>\n<\/tr>\n<tr>\n<td align=\"left\">Buhar Ayar\u0131<\/td>\n<td align=\"left\">Tabanca \u00fczerinden<\/td>\n<\/tr>\n<tr>\n<td align=\"left\">\u00dct\u00fc<\/td>\n<td align=\"left\">Opsiyonel<\/td>\n<\/tr>\n<tr>\n<td align=\"left\">Toplam Enerji T\u00fcketimi<\/td>\n<td align=\"left\">3000 W<\/td>\n<\/tr>\n<tr>\n<td align=\"left\">\u00dct\u00fc Enerji T\u00fcketimi<\/td>\n<td align=\"left\">800 W<\/td>\n<\/tr>\n<tr>\n<td align=\"left\">Voltaj<\/td>\n<td align=\"left\">230 V<\/td>\n<\/tr>\n<tr>\n<td align=\"left\">Yedek Tank Kapasitesi<\/td>\n<td align=\"left\">&#8212;<\/td>\n<\/tr>\n<tr>\n<td align=\"left\">Su Seviyesi Uyar\u0131 Sinyali<\/td>\n<td align=\"left\">\u2713<\/td>\n<\/tr>\n<tr>\n<td align=\"left\">Manometre<\/td>\n<td align=\"left\">\u2713<\/td>\n<\/tr>\n<tr>\n<td align=\"left\">Kablo Uzunlu\u011fu<\/td>\n<td align=\"left\">7 m.<\/td>\n<\/tr>\n<tr>\n<td align=\"left\">A\u011f\u0131rl\u0131k<\/td>\n<td align=\"left\">6,5 kg<\/td>\n<\/tr>\n<tr>\n<td align=\"left\">\u00d6l\u00e7\u00fcler \u00c7xY (mm)<\/td>\n<td align=\"left\">320&#215;330<\/td>\n<\/tr>\n<tr>\n<td align=\"left\">Sertifika<\/td>\n<td align=\"left\">CE<\/td>\n<\/tr>\n<\/tbody>\n<\/table>\n<\/div>\n<\/div><\/div><\/div><\/div>\n<\/div>\n","protected":false},"excerpt":{"rendered":"<p><strong>Unitekno 2200 buharl\u0131 temizlik makinesi modeli<\/strong>, Makina g\u00f6vdesi ve aksesuarlar\u0131 \u0130talyan \u00fcretim olan 5 Bar 2200 Watt\u2019l\u0131k <a href=\"https:\/\/univap.com.tr\/ev-tipi-buharli-temizleyiciler\/\">ev tipi buharl\u0131 temizleyici modelimizdir<\/a>.<\/p>\n<p>Paslanmaz \u00e7elik kazan\u0131 ve 2200 watt g\u00fcc\u00fcndeki rezistans\u0131 sayesinde 5 bar\u2019l\u0131k buhar bas\u0131nc\u0131na 5 dakika gibi k\u0131sa bir s\u00fcrede \u00e7\u0131kar.<\/p>\n<p>Unitekno 2200 buharl\u0131 temizleyici ile aral\u0131ks\u0131z 1 saatlik buharl\u0131 temizlik yapabilirsiniz.<\/p>\n<p>Geni\u015f aparatlar\u0131 sayesinde banyo ve mutfakta detay temizlik yapabilir, cam, pencere, f\u0131r\u0131n, ocak gibi temizli\u011fi zor olan yerlerde rahat\u00e7a hijyen sa\u011flayabilirsiniz.<\/p>\n<p>Buhar kazan\u0131ndan \u00e7\u0131k\u0131\u015fta 145 derece santigratta olan kuru buharla evinizin her b\u00f6lgesini her t\u00fcrl\u00fc mite, akar, bakteri ve vir\u00fcslerden ar\u0131nd\u0131rabilirsiniz.<\/p>\n<p>Univap Buharl\u0131 Temizleyicilerinin Covid-19 koronavir\u00fcs\u00fc dahil olmak \u00fczere zararl\u0131 vir\u00fcs ve mikroorganizmalara kar\u015f\u0131 \u00f6ld\u00fcr\u00fcc\u00fc etkisi laboratuvar ortam\u0131nda klinik deneylerle kan\u0131tlanm\u0131\u015ft\u0131r.<\/p>\n[fusion_button link=\"tel:+\/\/05523024755\" text_transform=\"\" title=\"\" target=\"_blank\" link_attributes=\"\" alignment=\"left\" modal=\"\" hide_on_mobile=\"small-visibility,medium-visibility,large-visibility\" class=\"\" id=\"\" color=\"default\" button_gradient_top_color=\"\" button_gradient_bottom_color=\"\" button_gradient_top_color_hover=\"\" button_gradient_bottom_color_hover=\"\" accent_color=\"\" accent_hover_color=\"\" type=\"\" bevel_color=\"\" border_width=\"\" border_radius=\"\" border_color=\"\" border_hover_color=\"\" size=\"\" stretch=\"default\" icon=\"fa-phone-alt fas\" icon_position=\"left\" icon_divider=\"no\" animation_type=\"\" animation_direction=\"left\" animation_speed=\"0.3\" animation_offset=\"\"]Fiyat Bilgisi i\u00e7in Ara[\/fusion_button]\n[fusion_button link=\"https:\/\/univap.com.tr\/brosur\/unitekno-2200-TR-Brosur.pdf\" text_transform=\"\" title=\"\" target=\"_self\" link_attributes=\"\" alignment=\"right\" modal=\"\" hide_on_mobile=\"small-visibility,medium-visibility,large-visibility\" class=\"\" id=\"\" color=\"default\" button_gradient_top_color=\"\" button_gradient_bottom_color=\"\" button_gradient_top_color_hover=\"\" button_gradient_bottom_color_hover=\"\" accent_color=\"\" accent_hover_color=\"\" type=\"\" bevel_color=\"\" border_width=\"\" border_radius=\"\" border_color=\"\" border_hover_color=\"\" size=\"\" stretch=\"default\" icon=\"\" icon_position=\"left\" icon_divider=\"no\" animation_type=\"\" animation_direction=\"left\" animation_speed=\"0.3\" animation_offset=\"\"]Unitekno 2200 Bro\u015f\u00fcr\u00fcn\u00fc \u0130ndirin[\/fusion_button]\n<h2><\/h2>\n<h2><strong>Unitekno 2200 Standart Aksesuarlar<\/strong><\/h2>\n[fusion_global id=\"2495\"]\n<h2><strong>Unitekno 2200 Opsiyonel Aksesuar<\/strong><\/h2>\n[fusion_global id=\"2497\"]\n","protected":false},"featured_media":2499,"comment_status":"open","ping_status":"closed","template":"","meta":[],"product_brand":[],"product_cat":[30,26],"product_tag":[34,35],"class_list":{"0":"post-2494","1":"product","2":"type-product","3":"status-publish","4":"has-post-thumbnail","6":"product_cat-ev-tipi-buharli-temizleyici","7":"product_cat-urunlerimiz","8":"product_tag-buharli-temizleyici","9":"product_tag-buharli-temizlik-makinesi","11":"first","12":"instock","13":"shipping-taxable","14":"product-type-simple"},"_links":{"self":[{"href":"https:\/\/univap.com.tr\/ru\/wp-json\/wp\/v2\/product\/2494","targetHints":{"allow":["GET"]}}],"collection":[{"href":"https:\/\/univap.com.tr\/ru\/wp-json\/wp\/v2\/product"}],"about":[{"href":"https:\/\/univap.com.tr\/ru\/wp-json\/wp\/v2\/types\/product"}],"replies":[{"embeddable":true,"href":"https:\/\/univap.com.tr\/ru\/wp-json\/wp\/v2\/comments?post=2494"}],"wp:featuredmedia":[{"embeddable":true,"href":"https:\/\/univap.com.tr\/ru\/wp-json\/wp\/v2\/media\/2499"}],"wp:attachment":[{"href":"https:\/\/univap.com.tr\/ru\/wp-json\/wp\/v2\/media?parent=2494"}],"wp:term":[{"taxonomy":"product_brand","embeddable":true,"href":"https:\/\/univap.com.tr\/ru\/wp-json\/wp\/v2\/product_brand?post=2494"},{"taxonomy":"product_cat","embeddable":true,"href":"https:\/\/univap.com.tr\/ru\/wp-json\/wp\/v2\/product_cat?post=2494"},{"taxonomy":"product_tag","embeddable":true,"href":"https:\/\/univap.com.tr\/ru\/wp-json\/wp\/v2\/product_tag?post=2494"}],"curies":[{"name":"wp","href":"https:\/\/api.w.org\/{rel}","templated":true}]}}